{"id":17,"date":"2016-08-03T07:14:36","date_gmt":"2016-08-03T06:14:36","guid":{"rendered":"http:\/\/landpastoral-schoenenberg.eu\/?page_id=17"},"modified":"2023-10-06T09:41:06","modified_gmt":"2023-10-06T08:41:06","slug":"angebote","status":"publish","type":"page","link":"https:\/\/landpastoral-schoenenberg.de\/?page_id=17","title":{"rendered":"Das machen wir"},"content":{"rendered":"<p>Neben dem Jahresprogramm m\u00f6chten wir Gemeinden, Gruppen und Einzelne nach Bedarf und individuell unterst\u00fctzen.<br \/>Wenn Sie unser Angebot anfragen m\u00f6chten, bitten wir Sie einfach direkt mit uns Kontakt aufzunehmen, um Termine oder n\u00e4here Absprachen zu vereinbaren.<\/p>\n<p>Sie sind bei uns richtig, wenn Sie folgendes suchen:<\/p>\n<ul>\n<li>Aus- und Weiterbildungsangebote sowie Besinnungstage f\u00fcr <strong><em>liturgische Dienste<\/em><\/strong> wie z.B. Leiter\/innen von Wort-Gottes-Feiern; Kommunionhelfer\/innen, Lektor\/innen<\/li>\n<li>Einkehrtag und Besinnungswochenende f\u00fcr <em><strong>Kirchengemeinder\u00e4te<\/strong><\/em><\/li>\n<li><em><strong>Bibliolog<\/strong><\/em><\/li>\n<li><em><strong>Meditations- und Kontemplationsangebote<\/strong><\/em><\/li>\n<li><em><strong>Exerzitien im Alltag <\/strong><\/em>\u2013 verschiedene Modelle und Zeitr\u00e4ume je nach Bedarf<\/li>\n<li>Angebote f\u00fcr <em><strong>Frauen<\/strong>,<strong> M\u00e4nner<\/strong><\/em> und <strong><em>Familien<\/em><\/strong><\/li>\n<li>Oasentage, -nachmittage, -abende f\u00fcr <em><strong>Gruppen<\/strong><\/em><\/li>\n<li>Vortr\u00e4ge und <strong>Einzelveranstaltungen<\/strong> zu theologischen, pastoralen oder spirituellen Themen<\/li>\n<li>Angebote und Einzelbegleitung f\u00fcr <strong>Trauernde <br \/><\/strong><\/li>\n<li><strong><em>Seelsorgerliches Gespr\u00e4ch<\/em><\/strong>: In pers\u00f6nlichen Lebens- und Glaubensfragen oder auch in Fragen, die Ihr gemeindliches Engagement betreffen, d\u00fcrfen Sie gerne ein Gespr\u00e4ch mit uns vereinbaren.<\/li>\n<\/ul>\n\n\n<p><a href=\"https:\/\/landpastoral-schoenenberg.de\/?page_id=17\">Seite ansehen<\/a><\/p>\n","protected":false},"excerpt":{"rendered":"<p>Neben dem Jahresprogramm m\u00f6chten wir Gemeinden, Gruppen und Einzelne nach Bedarf und individuell unterst\u00fctzen.Wenn Sie unser Angebot anfragen m\u00f6chten, bitten wir Sie einfach direkt mit uns Kontakt aufzunehmen, um Termine &#8230; <a title=\"Das machen wir\" class=\"read-more\" href=\"https:\/\/landpastoral-schoenenberg.de\/?page_id=17\" aria-label=\"Mehr Informationen \u00fcber Das machen wir\">Weiterlesen<\/a><\/p>\n","protected":false},"author":1,"featured_media":0,"parent":3006,"menu_order":1,"comment_status":"closed","ping_status":"closed","template":"","meta":{"footnotes":""},"class_list":["post-17","page","type-page","status-publish"],"_links":{"self":[{"href":"https:\/\/landpastoral-schoenenberg.de\/index.php?rest_route=\/wp\/v2\/pages\/17","targetHints":{"allow":["GET"]}}],"collection":[{"href":"https:\/\/landpastoral-schoenenberg.de\/index.php?rest_route=\/wp\/v2\/pages"}],"about":[{"href":"https:\/\/landpastoral-schoenenberg.de\/index.php?rest_route=\/wp\/v2\/types\/page"}],"author":[{"embeddable":true,"href":"https:\/\/landpastoral-schoenenberg.de\/index.php?rest_route=\/wp\/v2\/users\/1"}],"replies":[{"embeddable":true,"href":"https:\/\/landpastoral-schoenenberg.de\/index.php?rest_route=%2Fwp%2Fv2%2Fcomments&post=17"}],"version-history":[{"count":15,"href":"https:\/\/landpastoral-schoenenberg.de\/index.php?rest_route=\/wp\/v2\/pages\/17\/revisions"}],"predecessor-version":[{"id":4724,"href":"https:\/\/landpastoral-schoenenberg.de\/index.php?rest_route=\/wp\/v2\/pages\/17\/revisions\/4724"}],"up":[{"embeddable":true,"href":"https:\/\/landpastoral-schoenenberg.de\/index.php?rest_route=\/wp\/v2\/pages\/3006"}],"wp:attachment":[{"href":"https:\/\/landpastoral-schoenenberg.de\/index.php?rest_route=%2Fwp%2Fv2%2Fmedia&parent=17"}],"curies":[{"name":"wp","href":"https:\/\/api.w.org\/{rel}","templated":true}]}}