{"id":26,"date":"2016-08-03T07:37:29","date_gmt":"2016-08-03T06:37:29","guid":{"rendered":"http:\/\/landpastoral-schoenenberg.eu\/?page_id=26"},"modified":"2024-11-04T15:13:21","modified_gmt":"2024-11-04T14:13:21","slug":"impressum","status":"publish","type":"page","link":"https:\/\/landpastoral-schoenenberg.de\/?page_id=26","title":{"rendered":"Impressum"},"content":{"rendered":"<p class=\"bodytext\"><strong>Verantwortlich f\u00fcr das vorliegende Onlineangebot\u00a0der Landpastoral Sch\u00f6nenberg ist die Dekanatsgesch\u00e4ftstelle Ostalb<\/strong>.<\/p>\n<p class=\"bodytext\">Anschrift:<\/p>\n<p class=\"bodytext\">Weidenfelder Str. 12<br \/>\n73430 Aalen<\/p>\n<p class=\"bodytext\">Tel.: 07361\/59010<br \/>\nFax\u00a0\u00a0 07361\/59019<\/p>\n<p class=\"bodytext\">KathDekanat.Ostalb@drs.de<\/p>\n<p class=\"bodytext\">Verantwortlicher: Dekan Robert Kloker<\/p>\n<p class=\"bodytext\">Redakteure: Frau Andrea K\u00f6der, Frau Ingrid Beck, Herr Ansgar Baumann, Pater Bernd Wagner, Pater Martin K\u00f6nig<\/p>\n<p><br clear=\"all\" \/><strong>Haftungsausschluss<\/strong><\/p>\n<p class=\"bodytext\">Unser Angebot umfasst Verweise (Links) zu anderen Angeboten im Internet. Das Landgericht (LG) Hamburg hat in einem Urteil vom 12. Mai 1998 (Az.: 312 O 85\/98) entschieden, dass die Anbringung eines Links dazu f\u00fchren kann, dass der Verlinkende die Inhalte der Seite, auf die er verlinkt, ggf. mit zu verantworten hat, es sei denn, er schlie\u00dft diese Verantwortung ausdr\u00fccklich aus:<\/p>\n<p class=\"bodytext\">Auch wenn wir bestrebt sind, stets inhaltlich unbedenkliche Links anzubieten, erkl\u00e4ren wir hiermit, dass wir f\u00fcr die Inhalte der verlinkten Websites keine Verantwortung \u00fcbernehmen und uns diese nicht zu eigen machen. Diese Erkl\u00e4rung gilt f\u00fcr alle auf dieser Website angebrachten Links. In keinem Fall sind wir verantwortlich f\u00fcr die Inhalte von Internetseiten, die auf uns verweisen. Wir sind auch nicht in der Lage, Verweise auf uns festzustellen oder zu \u00fcberpr\u00fcfen.<\/p>\n<p class=\"bodytext\">Wir haben ferner keinen Einfluss darauf, wie die hier angebotenen Informationen vom Nutzer verwendet, weitergegeben oder ver\u00e4ndert weitergegeben werden und k\u00f6nnen daher f\u00fcr entstandene Sch\u00e4den, entgangene Vorteile oder sonstige mittelbare oder unmittelbare Folgen, welche aus der Nutzung der hier angebotenen Informationen entstehen, nicht haftbar gemacht werden.<\/p>\n","protected":false},"excerpt":{"rendered":"<p>Verantwortlich f\u00fcr das vorliegende Onlineangebot\u00a0der Landpastoral Sch\u00f6nenberg ist die Dekanatsgesch\u00e4ftstelle Ostalb. Anschrift: Weidenfelder Str. 12 73430 Aalen Tel.: 07361\/59010 Fax\u00a0\u00a0 07361\/59019 KathDekanat.Ostalb@drs.de Verantwortlicher: Dekan Robert Kloker Redakteure: Frau Andrea K\u00f6der, &#8230; <a title=\"Impressum\" class=\"read-more\" href=\"https:\/\/landpastoral-schoenenberg.de\/?page_id=26\" aria-label=\"Mehr Informationen \u00fcber Impressum\">Weiterlesen<\/a><\/p>\n","protected":false},"author":1,"featured_media":0,"parent":3006,"menu_order":7,"comment_status":"closed","ping_status":"closed","template":"","meta":{"footnotes":""},"class_list":["post-26","page","type-page","status-publish"],"_links":{"self":[{"href":"https:\/\/landpastoral-schoenenberg.de\/index.php?rest_route=\/wp\/v2\/pages\/26","targetHints":{"allow":["GET"]}}],"collection":[{"href":"https:\/\/landpastoral-schoenenberg.de\/index.php?rest_route=\/wp\/v2\/pages"}],"about":[{"href":"https:\/\/landpastoral-schoenenberg.de\/index.php?rest_route=\/wp\/v2\/types\/page"}],"author":[{"embeddable":true,"href":"https:\/\/landpastoral-schoenenberg.de\/index.php?rest_route=\/wp\/v2\/users\/1"}],"replies":[{"embeddable":true,"href":"https:\/\/landpastoral-schoenenberg.de\/index.php?rest_route=%2Fwp%2Fv2%2Fcomments&post=26"}],"version-history":[{"count":8,"href":"https:\/\/landpastoral-schoenenberg.de\/index.php?rest_route=\/wp\/v2\/pages\/26\/revisions"}],"predecessor-version":[{"id":5342,"href":"https:\/\/landpastoral-schoenenberg.de\/index.php?rest_route=\/wp\/v2\/pages\/26\/revisions\/5342"}],"up":[{"embeddable":true,"href":"https:\/\/landpastoral-schoenenberg.de\/index.php?rest_route=\/wp\/v2\/pages\/3006"}],"wp:attachment":[{"href":"https:\/\/landpastoral-schoenenberg.de\/index.php?rest_route=%2Fwp%2Fv2%2Fmedia&parent=26"}],"curies":[{"name":"wp","href":"https:\/\/api.w.org\/{rel}","templated":true}]}}