{"id":2822,"date":"2020-11-10T19:55:38","date_gmt":"2020-11-10T18:55:38","guid":{"rendered":"http:\/\/landpastoral-schoenenberg.eu\/?page_id=2822"},"modified":"2021-01-12T14:24:28","modified_gmt":"2021-01-12T13:24:28","slug":"eingang","status":"publish","type":"page","link":"https:\/\/landpastoral-schoenenberg.de\/?page_id=2822","title":{"rendered":"Zugang zur Landpastoral"},"content":{"rendered":"\n<div class=\"wp-block-media-text alignwide is-stacked-on-mobile\" style=\"grid-template-columns:64% auto\"><figure class=\"wp-block-media-text__media\"><img loading=\"lazy\" decoding=\"async\" width=\"971\" height=\"549\" src=\"http:\/\/landpastoral-schoenenberg.eu\/wp-content\/uploads\/2020\/11\/Schoenenberg-open-source-2.jpg\" alt=\"\" class=\"wp-image-2827\" srcset=\"https:\/\/landpastoral-schoenenberg.de\/wp-content\/uploads\/2020\/11\/Schoenenberg-open-source-2.jpg 971w, https:\/\/landpastoral-schoenenberg.de\/wp-content\/uploads\/2020\/11\/Schoenenberg-open-source-2-300x170.jpg 300w, https:\/\/landpastoral-schoenenberg.de\/wp-content\/uploads\/2020\/11\/Schoenenberg-open-source-2-768x434.jpg 768w\" sizes=\"auto, (max-width: 971px) 100vw, 971px\" \/><\/figure><div class=\"wp-block-media-text__content\">\n<p>Zugang zur Landpastoral finden Sie entweder \u00fcber den Eingang zum Tagungshaus oder \u00fcber den Eingang auf der Nordseite des Geb\u00e4udes.<\/p>\n<\/div><\/div>\n\n\n\n<p><sup>Bild: https:\/\/www.openstreetmap.de\/karte.html<\/sup><\/p>\n","protected":false},"excerpt":{"rendered":"<p>Zugang zur Landpastoral finden Sie entweder \u00fcber den Eingang zum Tagungshaus oder \u00fcber den Eingang auf der Nordseite des Geb\u00e4udes. Bild: https:\/\/www.openstreetmap.de\/karte.html<\/p>\n","protected":false},"author":3,"featured_media":0,"parent":3006,"menu_order":6,"comment_status":"closed","ping_status":"closed","template":"","meta":{"footnotes":""},"class_list":["post-2822","page","type-page","status-publish"],"_links":{"self":[{"href":"https:\/\/landpastoral-schoenenberg.de\/index.php?rest_route=\/wp\/v2\/pages\/2822","targetHints":{"allow":["GET"]}}],"collection":[{"href":"https:\/\/landpastoral-schoenenberg.de\/index.php?rest_route=\/wp\/v2\/pages"}],"about":[{"href":"https:\/\/landpastoral-schoenenberg.de\/index.php?rest_route=\/wp\/v2\/types\/page"}],"author":[{"embeddable":true,"href":"https:\/\/landpastoral-schoenenberg.de\/index.php?rest_route=\/wp\/v2\/users\/3"}],"replies":[{"embeddable":true,"href":"https:\/\/landpastoral-schoenenberg.de\/index.php?rest_route=%2Fwp%2Fv2%2Fcomments&post=2822"}],"version-history":[{"count":4,"href":"https:\/\/landpastoral-schoenenberg.de\/index.php?rest_route=\/wp\/v2\/pages\/2822\/revisions"}],"predecessor-version":[{"id":2831,"href":"https:\/\/landpastoral-schoenenberg.de\/index.php?rest_route=\/wp\/v2\/pages\/2822\/revisions\/2831"}],"up":[{"embeddable":true,"href":"https:\/\/landpastoral-schoenenberg.de\/index.php?rest_route=\/wp\/v2\/pages\/3006"}],"wp:attachment":[{"href":"https:\/\/landpastoral-schoenenberg.de\/index.php?rest_route=%2Fwp%2Fv2%2Fmedia&parent=2822"}],"curies":[{"name":"wp","href":"https:\/\/api.w.org\/{rel}","templated":true}]}}