{"id":5212,"date":"2024-09-05T07:15:27","date_gmt":"2024-09-05T06:15:27","guid":{"rendered":"https:\/\/landpastoral-schoenenberg.de\/?page_id=5212"},"modified":"2025-11-05T17:53:40","modified_gmt":"2025-11-05T16:53:40","slug":"unterstuetzung","status":"publish","type":"page","link":"https:\/\/landpastoral-schoenenberg.de\/?page_id=5212","title":{"rendered":"Spenden"},"content":{"rendered":"<p>Falls Sie unsere Arbeit in der Landpastoral finanziell unterst\u00fctzen m\u00f6chten, freuen wir uns sehr \u00fcber eine Spende. Unsere Bankverbindung lautet:<\/p>\n<p>Kath. Dekanat Ostalb<strong><br \/>\n<\/strong>IBAN: DE25 6145 0050 0800 2389 62<br \/>\nSWIFT-BIC: OASPDE6A (Kreissparkasse Ostalb)<br \/>\n<strong>Verwendungszweck: Spende Landpastoral Sch\u00f6nenberg<\/strong><\/p>\n<p>Vielen herzlichen Dank! &#8211; Das Team der Landpastoral<\/p>\n","protected":false},"excerpt":{"rendered":"<p>Falls Sie unsere Arbeit in der Landpastoral finanziell unterst\u00fctzen m\u00f6chten, freuen wir uns sehr \u00fcber eine Spende. Unsere Bankverbindung lautet: Kath. Dekanat Ostalb IBAN: DE25 6145 0050 0800 2389 62 &#8230; <a title=\"Spenden\" class=\"read-more\" href=\"https:\/\/landpastoral-schoenenberg.de\/?page_id=5212\" aria-label=\"Mehr Informationen \u00fcber Spenden\">Weiterlesen<\/a><\/p>\n","protected":false},"author":3,"featured_media":0,"parent":3006,"menu_order":4,"comment_status":"closed","ping_status":"closed","template":"","meta":{"footnotes":""},"class_list":["post-5212","page","type-page","status-publish"],"_links":{"self":[{"href":"https:\/\/landpastoral-schoenenberg.de\/index.php?rest_route=\/wp\/v2\/pages\/5212","targetHints":{"allow":["GET"]}}],"collection":[{"href":"https:\/\/landpastoral-schoenenberg.de\/index.php?rest_route=\/wp\/v2\/pages"}],"about":[{"href":"https:\/\/landpastoral-schoenenberg.de\/index.php?rest_route=\/wp\/v2\/types\/page"}],"author":[{"embeddable":true,"href":"https:\/\/landpastoral-schoenenberg.de\/index.php?rest_route=\/wp\/v2\/users\/3"}],"replies":[{"embeddable":true,"href":"https:\/\/landpastoral-schoenenberg.de\/index.php?rest_route=%2Fwp%2Fv2%2Fcomments&post=5212"}],"version-history":[{"count":4,"href":"https:\/\/landpastoral-schoenenberg.de\/index.php?rest_route=\/wp\/v2\/pages\/5212\/revisions"}],"predecessor-version":[{"id":5960,"href":"https:\/\/landpastoral-schoenenberg.de\/index.php?rest_route=\/wp\/v2\/pages\/5212\/revisions\/5960"}],"up":[{"embeddable":true,"href":"https:\/\/landpastoral-schoenenberg.de\/index.php?rest_route=\/wp\/v2\/pages\/3006"}],"wp:attachment":[{"href":"https:\/\/landpastoral-schoenenberg.de\/index.php?rest_route=%2Fwp%2Fv2%2Fmedia&parent=5212"}],"curies":[{"name":"wp","href":"https:\/\/api.w.org\/{rel}","templated":true}]}}